{"id":1182,"date":"2019-08-19T12:47:45","date_gmt":"2019-08-19T12:47:45","guid":{"rendered":"https:\/\/shijing.de\/?page_id=1182"},"modified":"2025-09-22T12:18:12","modified_gmt":"2025-09-22T12:18:12","slug":"datenschutz","status":"publish","type":"page","link":"https:\/\/shijing.de\/?page_id=1182","title":{"rendered":"Datenschutz"},"content":{"rendered":"\n<h2 class=\"wp-block-heading\" id=\"oucwca\"><strong class=\"\">Datenschutzerkl\u00e4rung<\/strong><\/h2>\n\n\n\n<h4 class=\"wp-block-heading\"><strong class=\"\">1. Datenschutz auf einen Blick<\/strong><\/h4>\n\n\n\n<p><strong class=\"\">Allgemeine Hinweise<\/strong><br>Die folgenden Hinweise geben einen einfachen \u00dcberblick dar\u00fcber, was mit Ihren personenbezogenen Daten passiert, wenn Sie diese Website besuchen. Personenbezogene Daten sind alle Daten, mit denen Sie pers\u00f6nlich identifiziert werden k\u00f6nnen.<\/p>\n\n\n\n<p><strong class=\"\">Verantwortliche Stelle<\/strong><br>Die verantwortliche Stelle f\u00fcr die Datenverarbeitung auf dieser Website ist die im Impressum genannte Person.<\/p>\n\n\n\n<h4 class=\"wp-block-heading\"><strong class=\"\">2. Datenerfassung auf dieser Website<\/strong><\/h4>\n\n\n\n<p><strong class=\"\">Server-Log-Dateien<\/strong><br>Der Provider der Seiten erhebt und speichert automatisch Informationen in so genannten Server-Log-Dateien, die Ihr Browser automatisch an uns \u00fcbermittelt. Dies sind:<\/p>\n\n\n\n<ul class=\"wp-block-list\">\n<li>Browsertyp und Browserversion<\/li>\n\n\n\n<li>verwendetes Betriebssystem<\/li>\n\n\n\n<li>Referrer URL<\/li>\n\n\n\n<li>Hostname des zugreifenden Rechners<\/li>\n\n\n\n<li>Uhrzeit der Serveranfrage<\/li>\n\n\n\n<li>IP-Adresse<\/li>\n<\/ul>\n\n\n\n<p>Eine Zusammenf\u00fchrung dieser Daten mit anderen Datenquellen wird nicht vorgenommen. Grundlage f\u00fcr die Datenverarbeitung ist Art. 6 Abs. 1 lit. f DSGVO, der die Verarbeitung von Daten zur Erf\u00fcllung eines Vertrags oder vorvertraglicher Ma\u00dfnahmen gestattet. Das berechtigte Interesse besteht in der technisch fehlerfreien Darstellung und der Optimierung der Website.<\/p>\n\n\n\n<p><strong class=\"\">Kontaktformular<\/strong><br>Wenn Sie uns per Kontaktformular Anfragen zukommen lassen, werden Ihre Angaben aus dem Anfrageformular inklusive der von Ihnen dort angegebenen Kontaktdaten zwecks Bearbeitung der Anfrage und f\u00fcr den Fall von Anschlussfragen bei uns gespeichert. Diese Daten geben wir nicht ohne Ihre Einwilligung weiter.<\/p>\n\n\n\n<p>Die Verarbeitung der in das Kontaktformular eingegebenen Daten erfolgt somit ausschlie\u00dflich auf Grundlage Ihrer Einwilligung (Art. 6 Abs. 1 lit. a DSGVO). Sie k\u00f6nnen diese Einwilligung jederzeit widerrufen. Dazu reicht eine formlose Mitteilung per E-Mail an uns. Die Rechtm\u00e4\u00dfigkeit der bis zum Widerruf erfolgten Datenverarbeitungsvorg\u00e4nge bleibt vom Widerruf unber\u00fchrt.<\/p>\n\n\n\n<p>Die von Ihnen im Kontaktformular eingegebenen Daten verbleiben bei uns, bis Sie uns zur L\u00f6schung auffordern, Ihre Einwilligung zur Speicherung widerrufen oder der Zweck f\u00fcr die Datenspeicherung entf\u00e4llt (z. B. nach abgeschlossener Bearbeitung Ihrer Anfrage). Zwingende gesetzliche Bestimmungen \u2013 insbesondere Aufbewahrungsfristen \u2013 bleiben unber\u00fchrt.<\/p>\n\n\n\n<p><strong class=\"\">Cookies<\/strong><br>Diese Webseite verwendet so genannte technisch notwendige Cookies. Cookies sind kleine Textdateien, die auf Ihrem Rechner abgelegt werden und die Ihr Browser speichert. Sie dienen dazu, das Angebot nutzerfreundlicher und sicherer zu machen. Die meisten der verwendeten Cookies sind so genannte \u201eSession-Cookies\u201c. Sie werden nach Ende Ihres Besuchs automatisch gel\u00f6scht. Cookies richten auf Ihrem Rechner keinen Schaden an und enthalten keine Viren.<\/p>\n\n\n\n<h4 class=\"wp-block-heading\"><strong class=\"\">3. Ihre Rechte als Betroffener<\/strong><\/h4>\n\n\n\n<p>Sie haben im Rahmen der geltenden gesetzlichen Bestimmungen jederzeit das Recht auf unentgeltliche <strong class=\"\">Auskunft<\/strong> \u00fcber Ihre gespeicherten personenbezogenen Daten, deren Herkunft und Empf\u00e4nger und den Zweck der Datenverarbeitung und ggf. ein Recht auf <strong class=\"\">Berichtigung<\/strong>, <strong class=\"\">Sperrung<\/strong> oder <strong class=\"\">L\u00f6schung<\/strong> dieser Daten. Hierzu sowie zu weiteren Fragen zum Thema personenbezogene Daten k\u00f6nnen Sie sich jederzeit unter der im Impressum angegebenen Adresse an uns wenden.<\/p>\n\n\n\n<h4 class=\"wp-block-heading\"><strong class=\"\">4. SSL- bzw. TLS-Verschl\u00fcsselung<\/strong><\/h4>\n\n\n\n<p>Diese Seite nutzt aus Sicherheitsgr\u00fcnden und zum Schutz der \u00dcbertragung vertraulicher Inhalte, wie zum Beispiel Anfragen, die Sie \u00fcber das Kontaktformular an uns senden, eine SSL- bzw. TLS-Verschl\u00fcsselung. Eine verschl\u00fcsselte Verbindung erkennen Sie daran, dass die Adresszeile des Browsers von \u201ehttp:\/\/\u201c auf \u201ehttps:\/\/\u201c wechselt und an dem Schloss-Symbol in Ihrer Browserzeile. Wenn die SSL- bzw. TLS-Verschl\u00fcsselung aktiviert ist, k\u00f6nnen die Daten, die Sie an uns \u00fcbermitteln, nicht von Dritten mitgelesen werden.<\/p>\n","protected":false},"excerpt":{"rendered":"<p>Datenschutzerkl\u00e4rung 1. Datenschutz auf einen Blick Allgemeine HinweiseDie folgenden Hinweise geben einen einfachen \u00dcberblick dar\u00fcber, was mit Ihren personenbezogenen Daten passiert, wenn Sie diese Website besuchen. Personenbezogene Daten sind alle Daten, mit denen Sie pers\u00f6nlich identifiziert werden k\u00f6nnen. Verantwortliche StelleDie verantwortliche Stelle f\u00fcr die Datenverarbeitung auf dieser Website ist die im Impressum genannte Person. 2. [&hellip;]<\/p>\n","protected":false},"author":1,"featured_media":0,"parent":0,"menu_order":0,"comment_status":"closed","ping_status":"closed","template":"","meta":{"footnotes":""},"class_list":["post-1182","page","type-page","status-publish","hentry"],"_links":{"self":[{"href":"https:\/\/shijing.de\/index.php?rest_route=\/wp\/v2\/pages\/1182","targetHints":{"allow":["GET"]}}],"collection":[{"href":"https:\/\/shijing.de\/index.php?rest_route=\/wp\/v2\/pages"}],"about":[{"href":"https:\/\/shijing.de\/index.php?rest_route=\/wp\/v2\/types\/page"}],"author":[{"embeddable":true,"href":"https:\/\/shijing.de\/index.php?rest_route=\/wp\/v2\/users\/1"}],"replies":[{"embeddable":true,"href":"https:\/\/shijing.de\/index.php?rest_route=%2Fwp%2Fv2%2Fcomments&post=1182"}],"version-history":[{"count":2,"href":"https:\/\/shijing.de\/index.php?rest_route=\/wp\/v2\/pages\/1182\/revisions"}],"predecessor-version":[{"id":3777,"href":"https:\/\/shijing.de\/index.php?rest_route=\/wp\/v2\/pages\/1182\/revisions\/3777"}],"wp:attachment":[{"href":"https:\/\/shijing.de\/index.php?rest_route=%2Fwp%2Fv2%2Fmedia&parent=1182"}],"curies":[{"name":"wp","href":"https:\/\/api.w.org\/{rel}","templated":true}]}}